{"id":997,"date":"2022-09-05T21:01:22","date_gmt":"2022-09-05T19:01:22","guid":{"rendered":"http:\/\/frodon.instar-robotics.com\/wp-INSTAR\/?page_id=997"},"modified":"2026-05-12T13:48:09","modified_gmt":"2026-05-12T11:48:09","slug":"telechargement","status":"publish","type":"page","link":"https:\/\/instar-robotics.com\/?page_id=997","title":{"rendered":"T\u00e9l\u00e9chargement"},"content":{"rendered":"\n<hr class=\"wp-block-separator has-alpha-channel-opacity\"\/>\n\n\n\n<div class=\"wp-block-media-text is-stacked-on-mobile\" style=\"grid-template-columns:15% auto\"><figure class=\"wp-block-media-text__media\"><img loading=\"lazy\" decoding=\"async\" width=\"573\" height=\"809\" src=\"https:\/\/instar-robotics.com\/wp-content\/uploads\/2026\/05\/brochure_fr-1.png\" alt=\"\" class=\"wp-image-1877 size-thumbnail\" srcset=\"https:\/\/instar-robotics.com\/wp-content\/uploads\/2026\/05\/brochure_fr-1.png 573w, https:\/\/instar-robotics.com\/wp-content\/uploads\/2026\/05\/brochure_fr-1-212x300.png 212w\" sizes=\"auto, (max-width: 573px) 100vw, 573px\" \/><\/figure><div class=\"wp-block-media-text__content\">\n<p style=\"font-size:30px\"><a href=\"https:\/\/instar-robotics.com\/wp-content\/uploads\/2026\/05\/brochure_commerciale_trooper_french_2025_compressed_2.pdf\">T\u00e9l\u00e9charger<\/a> la brochure du robot <strong>TROOPER<\/strong><\/p>\n<\/div><\/div>\n\n\n\n<hr class=\"wp-block-separator has-alpha-channel-opacity\"\/>\n\n\n\n<div class=\"wp-block-media-text is-stacked-on-mobile\" style=\"grid-template-columns:15% auto\"><figure class=\"wp-block-media-text__media\"><img loading=\"lazy\" decoding=\"async\" width=\"559\" height=\"786\" src=\"https:\/\/instar-robotics.com\/wp-content\/uploads\/2026\/05\/user_guide.png\" alt=\"\" class=\"wp-image-1857 size-thumbnail\" srcset=\"https:\/\/instar-robotics.com\/wp-content\/uploads\/2026\/05\/user_guide.png 559w, https:\/\/instar-robotics.com\/wp-content\/uploads\/2026\/05\/user_guide-213x300.png 213w\" sizes=\"auto, (max-width: 559px) 100vw, 559px\" \/><\/figure><div class=\"wp-block-media-text__content\">\n<p style=\"font-size:30px\"><a href=\"https:\/\/instar-robotics.com\/wp-content\/uploads\/2026\/05\/user_guide_2025_FR-1.pdf\">T\u00e9l\u00e9charger<\/a> le manuel utilisateur du robot <strong>TROOPER<\/strong><\/p>\n<\/div><\/div>\n\n\n\n<hr class=\"wp-block-separator has-alpha-channel-opacity\"\/>\n","protected":false},"excerpt":{"rendered":"<p>T\u00e9l\u00e9charger la brochure du robot TROOPER T\u00e9l\u00e9charger le manuel utilisateur du robot TROOPER<\/p>\n","protected":false},"author":2,"featured_media":0,"parent":0,"menu_order":0,"comment_status":"closed","ping_status":"closed","template":"","meta":{"footnotes":""},"class_list":["post-997","page","type-page","status-publish"],"_links":{"self":[{"href":"https:\/\/instar-robotics.com\/index.php?rest_route=\/wp\/v2\/pages\/997","targetHints":{"allow":["GET"]}}],"collection":[{"href":"https:\/\/instar-robotics.com\/index.php?rest_route=\/wp\/v2\/pages"}],"about":[{"href":"https:\/\/instar-robotics.com\/index.php?rest_route=\/wp\/v2\/types\/page"}],"author":[{"embeddable":true,"href":"https:\/\/instar-robotics.com\/index.php?rest_route=\/wp\/v2\/users\/2"}],"replies":[{"embeddable":true,"href":"https:\/\/instar-robotics.com\/index.php?rest_route=%2Fwp%2Fv2%2Fcomments&post=997"}],"version-history":[{"count":70,"href":"https:\/\/instar-robotics.com\/index.php?rest_route=\/wp\/v2\/pages\/997\/revisions"}],"predecessor-version":[{"id":1883,"href":"https:\/\/instar-robotics.com\/index.php?rest_route=\/wp\/v2\/pages\/997\/revisions\/1883"}],"wp:attachment":[{"href":"https:\/\/instar-robotics.com\/index.php?rest_route=%2Fwp%2Fv2%2Fmedia&parent=997"}],"curies":[{"name":"wp","href":"https:\/\/api.w.org\/{rel}","templated":true}]}}