{"id":670,"date":"2021-12-04T16:58:31","date_gmt":"2021-12-04T15:58:31","guid":{"rendered":"http:\/\/frodon.instar-robotics.com\/wp-INSTAR\/?page_id=670"},"modified":"2025-11-20T15:10:58","modified_gmt":"2025-11-20T14:10:58","slug":"magasin","status":"publish","type":"page","link":"https:\/\/instar-robotics.com\/?page_id=670","title":{"rendered":"Magasins et mains"},"content":{"rendered":"\n<p class=\"has-medium-font-size\">Le robot TROOPER g\u00e8re une large gamme de conteneurs : <strong>pots ronds<\/strong>, <strong>pots<\/strong> <strong>ronds carr\u00e9s<\/strong>, <strong>pots<\/strong> <strong>carr\u00e9s<\/strong>, <strong>jardini\u00e8res<\/strong>, <strong>pots de chrysanth\u00e8me. barquettes<\/strong> &#8230;<\/p>\n\n\n\n<p class=\"has-medium-font-size\">Le robot est compatible avec toutes les marques<strong> : SOPARCO, CEP, CHAPELU, TEKU, SOGEPO, DESCH<\/strong> &#8230;<\/p>\n\n\n\n<p class=\"has-medium-font-size\">Les mains et les magasins sont adapt\u00e9s pour chaque conteneur et chaque litrage.<\/p>\n\n\n\n<p class=\"has-medium-font-size\"><strong><a href=\"https:\/\/instar-robotics.com\/?page_id=8\" data-type=\"page\" data-id=\"8\">Envoyez-nous<\/a> la r\u00e9f\u00e9rence de vos conteneurs : nous adaptons notre produit \u00e0 vos pots ! <\/strong><\/p>\n\n\n\n<hr class=\"wp-block-separator has-alpha-channel-opacity\"\/>\n\n\n\n<div class=\"wp-block-media-text has-media-on-the-right is-stacked-on-mobile\" style=\"grid-template-columns:auto 45%\"><div class=\"wp-block-media-text__content\">\n<h2 class=\"wp-block-heading\" style=\"font-size:28px\"><strong>Pot rond<\/strong> <strong>standard<\/strong><\/h2>\n\n\n\n<ul class=\"wp-block-list\">\n<li class=\"has-medium-font-size\">Tous les litrages <strong>allant de 2L \u00e0 10L<\/strong> <\/li>\n\n\n\n<li class=\"has-medium-font-size\">Avec un <strong>diam\u00e8tre maximal de 29 cm<\/strong><\/li>\n<\/ul>\n<\/div><figure class=\"wp-block-media-text__media\"><img loading=\"lazy\" decoding=\"async\" width=\"1600\" height=\"537\" src=\"https:\/\/instar-robotics.com\/wp-content\/uploads\/2025\/04\/rond_mm-1600x537.png\" alt=\"\" class=\"wp-image-1656 size-full\" srcset=\"https:\/\/instar-robotics.com\/wp-content\/uploads\/2025\/04\/rond_mm-1600x537.png 1600w, https:\/\/instar-robotics.com\/wp-content\/uploads\/2025\/04\/rond_mm-300x101.png 300w, https:\/\/instar-robotics.com\/wp-content\/uploads\/2025\/04\/rond_mm-768x258.png 768w, https:\/\/instar-robotics.com\/wp-content\/uploads\/2025\/04\/rond_mm-1536x516.png 1536w, https:\/\/instar-robotics.com\/wp-content\/uploads\/2025\/04\/rond_mm-2048x687.png 2048w\" sizes=\"auto, (max-width: 1600px) 100vw, 1600px\" \/><\/figure><\/div>\n\n\n\n<div class=\"wp-block-columns is-layout-flex wp-container-core-columns-is-layout-9d6595d7 wp-block-columns-is-layout-flex\">\n<div class=\"wp-block-column is-layout-flow wp-block-column-is-layout-flow\">\n<div class=\"wp-block-columns is-layout-flex wp-container-core-columns-is-layout-9d6595d7 wp-block-columns-is-layout-flex\">\n<div class=\"wp-block-column is-layout-flow wp-block-column-is-layout-flow\"><div class=\"wp-block-image\">\n<figure class=\"aligncenter size-full is-resized\"><img loading=\"lazy\" decoding=\"async\" width=\"934\" height=\"642\" src=\"https:\/\/instar-robotics.com\/wp-content\/uploads\/2022\/05\/magasin_5x4L_round.png\" alt=\"\" class=\"wp-image-878\" style=\"width:500px\" srcset=\"https:\/\/instar-robotics.com\/wp-content\/uploads\/2022\/05\/magasin_5x4L_round.png 934w, https:\/\/instar-robotics.com\/wp-content\/uploads\/2022\/05\/magasin_5x4L_round-300x206.png 300w, https:\/\/instar-robotics.com\/wp-content\/uploads\/2022\/05\/magasin_5x4L_round-768x528.png 768w\" sizes=\"auto, (max-width: 934px) 100vw, 934px\" \/><\/figure>\n<\/div><\/div>\n\n\n\n<div class=\"wp-block-column is-layout-flow wp-block-column-is-layout-flow\"><div class=\"wp-block-image\">\n<figure class=\"aligncenter size-large is-resized\"><img loading=\"lazy\" decoding=\"async\" width=\"1365\" height=\"1024\" src=\"https:\/\/instar-robotics.com\/wp-content\/uploads\/2025\/04\/Hand_CH0002_4-5L_1-1365x1024.png\" alt=\"\" class=\"wp-image-1665\" style=\"width:500px\" srcset=\"https:\/\/instar-robotics.com\/wp-content\/uploads\/2025\/04\/Hand_CH0002_4-5L_1-1365x1024.png 1365w, https:\/\/instar-robotics.com\/wp-content\/uploads\/2025\/04\/Hand_CH0002_4-5L_1-300x225.png 300w, https:\/\/instar-robotics.com\/wp-content\/uploads\/2025\/04\/Hand_CH0002_4-5L_1-768x576.png 768w, https:\/\/instar-robotics.com\/wp-content\/uploads\/2025\/04\/Hand_CH0002_4-5L_1-1536x1152.png 1536w, https:\/\/instar-robotics.com\/wp-content\/uploads\/2025\/04\/Hand_CH0002_4-5L_1.png 2048w\" sizes=\"auto, (max-width: 1365px) 100vw, 1365px\" \/><\/figure>\n<\/div><\/div>\n<\/div>\n<\/div>\n<\/div>\n\n\n\n<hr class=\"wp-block-separator has-alpha-channel-opacity\"\/>\n\n\n\n<div class=\"wp-block-media-text has-media-on-the-right is-stacked-on-mobile\" style=\"grid-template-columns:auto 45%\"><div class=\"wp-block-media-text__content\">\n<h2 class=\"wp-block-heading\" style=\"font-size:28px\"><strong>Pot rond petit litrage<\/strong> <\/h2>\n\n\n\n<ul class=\"wp-block-list\">\n<li class=\"has-medium-font-size\">Tous les litrages <strong>inf\u00e9rieurs \u00e0 2L<\/strong><\/li>\n\n\n\n<li class=\"has-medium-font-size\">Avec un <strong>diam\u00e8tre minimal de 12 cm<\/strong><\/li>\n<\/ul>\n<\/div><figure class=\"wp-block-media-text__media\"><img loading=\"lazy\" decoding=\"async\" width=\"1383\" height=\"430\" src=\"https:\/\/instar-robotics.com\/wp-content\/uploads\/2025\/04\/pot_12.png\" alt=\"\" class=\"wp-image-1641 size-full\" srcset=\"https:\/\/instar-robotics.com\/wp-content\/uploads\/2025\/04\/pot_12.png 1383w, https:\/\/instar-robotics.com\/wp-content\/uploads\/2025\/04\/pot_12-300x93.png 300w, https:\/\/instar-robotics.com\/wp-content\/uploads\/2025\/04\/pot_12-768x239.png 768w\" sizes=\"auto, (max-width: 1383px) 100vw, 1383px\" \/><\/figure><\/div>\n\n\n\n<div class=\"wp-block-columns is-layout-flex wp-container-core-columns-is-layout-9d6595d7 wp-block-columns-is-layout-flex\">\n<div class=\"wp-block-column is-layout-flow wp-block-column-is-layout-flow\"><div class=\"wp-block-image\">\n<figure class=\"aligncenter size-large is-resized\"><img loading=\"lazy\" decoding=\"async\" width=\"1365\" height=\"1024\" src=\"https:\/\/instar-robotics.com\/wp-content\/uploads\/2025\/04\/CM0016_SOPARCO_DUO_12_ES_2025-Apr-29_09-00-13AM-000_CustomizedView13636346164_png-1365x1024.png\" alt=\"\" class=\"wp-image-1649\" style=\"width:480px\" srcset=\"https:\/\/instar-robotics.com\/wp-content\/uploads\/2025\/04\/CM0016_SOPARCO_DUO_12_ES_2025-Apr-29_09-00-13AM-000_CustomizedView13636346164_png-1365x1024.png 1365w, https:\/\/instar-robotics.com\/wp-content\/uploads\/2025\/04\/CM0016_SOPARCO_DUO_12_ES_2025-Apr-29_09-00-13AM-000_CustomizedView13636346164_png-300x225.png 300w, https:\/\/instar-robotics.com\/wp-content\/uploads\/2025\/04\/CM0016_SOPARCO_DUO_12_ES_2025-Apr-29_09-00-13AM-000_CustomizedView13636346164_png-768x576.png 768w, https:\/\/instar-robotics.com\/wp-content\/uploads\/2025\/04\/CM0016_SOPARCO_DUO_12_ES_2025-Apr-29_09-00-13AM-000_CustomizedView13636346164_png-1536x1152.png 1536w, https:\/\/instar-robotics.com\/wp-content\/uploads\/2025\/04\/CM0016_SOPARCO_DUO_12_ES_2025-Apr-29_09-00-13AM-000_CustomizedView13636346164_png.png 2048w\" sizes=\"auto, (max-width: 1365px) 100vw, 1365px\" \/><\/figure>\n<\/div><\/div>\n\n\n\n<div class=\"wp-block-column is-layout-flow wp-block-column-is-layout-flow\"><div class=\"wp-block-image\">\n<figure class=\"aligncenter size-large is-resized\"><img loading=\"lazy\" decoding=\"async\" width=\"1365\" height=\"1024\" src=\"https:\/\/instar-robotics.com\/wp-content\/uploads\/2025\/04\/1CH0015_hand_set_1.5L_png-1365x1024.png\" alt=\"\" class=\"wp-image-1650\" style=\"width:480px\" srcset=\"https:\/\/instar-robotics.com\/wp-content\/uploads\/2025\/04\/1CH0015_hand_set_1.5L_png-1365x1024.png 1365w, https:\/\/instar-robotics.com\/wp-content\/uploads\/2025\/04\/1CH0015_hand_set_1.5L_png-300x225.png 300w, https:\/\/instar-robotics.com\/wp-content\/uploads\/2025\/04\/1CH0015_hand_set_1.5L_png-768x576.png 768w, https:\/\/instar-robotics.com\/wp-content\/uploads\/2025\/04\/1CH0015_hand_set_1.5L_png-1536x1152.png 1536w, https:\/\/instar-robotics.com\/wp-content\/uploads\/2025\/04\/1CH0015_hand_set_1.5L_png.png 2048w\" sizes=\"auto, (max-width: 1365px) 100vw, 1365px\" \/><\/figure>\n<\/div><\/div>\n<\/div>\n\n\n\n<hr class=\"wp-block-separator has-alpha-channel-opacity\"\/>\n\n\n\n<div class=\"wp-block-media-text has-media-on-the-right is-stacked-on-mobile\" style=\"grid-template-columns:auto 45%\"><div class=\"wp-block-media-text__content\">\n<h2 class=\"wp-block-heading\" style=\"font-size:28px\"><strong>Pot carr\u00e9 et rond carr\u00e9<\/strong><\/h2>\n\n\n\n<ul class=\"wp-block-list\">\n<li class=\"has-medium-font-size\">Tous les<strong> litrages allant de 1L \u00e0 7,5L <\/strong><\/li>\n<\/ul>\n<\/div><figure class=\"wp-block-media-text__media\"><img loading=\"lazy\" decoding=\"async\" width=\"1600\" height=\"507\" src=\"https:\/\/instar-robotics.com\/wp-content\/uploads\/2025\/04\/carre-1600x507.png\" alt=\"\" class=\"wp-image-1642 size-full\" srcset=\"https:\/\/instar-robotics.com\/wp-content\/uploads\/2025\/04\/carre-1600x507.png 1600w, https:\/\/instar-robotics.com\/wp-content\/uploads\/2025\/04\/carre-300x95.png 300w, https:\/\/instar-robotics.com\/wp-content\/uploads\/2025\/04\/carre-768x243.png 768w, https:\/\/instar-robotics.com\/wp-content\/uploads\/2025\/04\/carre-1536x487.png 1536w, https:\/\/instar-robotics.com\/wp-content\/uploads\/2025\/04\/carre-2048x649.png 2048w\" sizes=\"auto, (max-width: 1600px) 100vw, 1600px\" \/><\/figure><\/div>\n\n\n\n<div class=\"wp-block-columns is-layout-flex wp-container-core-columns-is-layout-9d6595d7 wp-block-columns-is-layout-flex\">\n<div class=\"wp-block-column is-layout-flow wp-block-column-is-layout-flow\"><div class=\"wp-block-image\">\n<figure class=\"aligncenter size-large is-resized\"><img loading=\"lazy\" decoding=\"async\" width=\"1365\" height=\"1024\" src=\"https:\/\/instar-robotics.com\/wp-content\/uploads\/2025\/04\/S00091_SOPARCO_rond-carre_4-5L_png-1365x1024.png\" alt=\"\" class=\"wp-image-1652\" style=\"width:550px\" srcset=\"https:\/\/instar-robotics.com\/wp-content\/uploads\/2025\/04\/S00091_SOPARCO_rond-carre_4-5L_png-1365x1024.png 1365w, https:\/\/instar-robotics.com\/wp-content\/uploads\/2025\/04\/S00091_SOPARCO_rond-carre_4-5L_png-300x225.png 300w, https:\/\/instar-robotics.com\/wp-content\/uploads\/2025\/04\/S00091_SOPARCO_rond-carre_4-5L_png-768x576.png 768w, https:\/\/instar-robotics.com\/wp-content\/uploads\/2025\/04\/S00091_SOPARCO_rond-carre_4-5L_png-1536x1152.png 1536w, https:\/\/instar-robotics.com\/wp-content\/uploads\/2025\/04\/S00091_SOPARCO_rond-carre_4-5L_png.png 2048w\" sizes=\"auto, (max-width: 1365px) 100vw, 1365px\" \/><\/figure>\n<\/div><\/div>\n\n\n\n<div class=\"wp-block-column is-layout-flow wp-block-column-is-layout-flow\"><div class=\"wp-block-image\">\n<figure class=\"aligncenter size-large is-resized\"><img loading=\"lazy\" decoding=\"async\" width=\"1365\" height=\"1024\" src=\"https:\/\/instar-robotics.com\/wp-content\/uploads\/2025\/04\/1S00104_square-round_4-5L_hand_set_png-1365x1024.png\" alt=\"\" class=\"wp-image-1653\" style=\"width:500px\" srcset=\"https:\/\/instar-robotics.com\/wp-content\/uploads\/2025\/04\/1S00104_square-round_4-5L_hand_set_png-1365x1024.png 1365w, https:\/\/instar-robotics.com\/wp-content\/uploads\/2025\/04\/1S00104_square-round_4-5L_hand_set_png-300x225.png 300w, https:\/\/instar-robotics.com\/wp-content\/uploads\/2025\/04\/1S00104_square-round_4-5L_hand_set_png-768x576.png 768w, https:\/\/instar-robotics.com\/wp-content\/uploads\/2025\/04\/1S00104_square-round_4-5L_hand_set_png-1536x1152.png 1536w, https:\/\/instar-robotics.com\/wp-content\/uploads\/2025\/04\/1S00104_square-round_4-5L_hand_set_png.png 2048w\" sizes=\"auto, (max-width: 1365px) 100vw, 1365px\" \/><\/figure>\n<\/div><\/div>\n<\/div>\n\n\n\n<hr class=\"wp-block-separator has-alpha-channel-opacity\"\/>\n\n\n\n<div class=\"wp-block-media-text has-media-on-the-right is-stacked-on-mobile\" style=\"grid-template-columns:auto 45%\"><div class=\"wp-block-media-text__content\">\n<h2 class=\"wp-block-heading\" style=\"font-size:28px\"><strong>Jardini\u00e8re<\/strong><\/h2>\n\n\n\n<ul class=\"wp-block-list\">\n<li class=\"has-medium-font-size\">Jusqu&#8217;\u00e0 <strong>40 cm de large<\/strong><\/li>\n<\/ul>\n<\/div><figure class=\"wp-block-media-text__media\"><img loading=\"lazy\" decoding=\"async\" width=\"1463\" height=\"542\" src=\"https:\/\/instar-robotics.com\/wp-content\/uploads\/2025\/04\/jardi.png\" alt=\"\" class=\"wp-image-1645 size-full\" srcset=\"https:\/\/instar-robotics.com\/wp-content\/uploads\/2025\/04\/jardi.png 1463w, https:\/\/instar-robotics.com\/wp-content\/uploads\/2025\/04\/jardi-300x111.png 300w, https:\/\/instar-robotics.com\/wp-content\/uploads\/2025\/04\/jardi-768x285.png 768w\" sizes=\"auto, (max-width: 1463px) 100vw, 1463px\" \/><\/figure><\/div>\n\n\n\n<div class=\"wp-block-columns is-layout-flex wp-container-core-columns-is-layout-9d6595d7 wp-block-columns-is-layout-flex\">\n<div class=\"wp-block-column is-layout-flow wp-block-column-is-layout-flow\"><div class=\"wp-block-image\">\n<figure class=\"aligncenter size-full is-resized\"><img loading=\"lazy\" decoding=\"async\" width=\"556\" height=\"382\" src=\"https:\/\/instar-robotics.com\/wp-content\/uploads\/2025\/11\/main.png\" alt=\"\" class=\"wp-image-1828\" style=\"width:380px\" srcset=\"https:\/\/instar-robotics.com\/wp-content\/uploads\/2025\/11\/main.png 556w, https:\/\/instar-robotics.com\/wp-content\/uploads\/2025\/11\/main-300x206.png 300w\" sizes=\"auto, (max-width: 556px) 100vw, 556px\" \/><\/figure>\n<\/div><\/div>\n\n\n\n<div class=\"wp-block-column is-layout-flow wp-block-column-is-layout-flow\"><div class=\"wp-block-image\">\n<figure class=\"aligncenter size-large is-resized\"><img loading=\"lazy\" decoding=\"async\" width=\"1365\" height=\"1024\" src=\"https:\/\/instar-robotics.com\/wp-content\/uploads\/2025\/04\/I00201_v2_Hand_jardiniere_CHAPELU_Talia_2-1365x1024.png\" alt=\"\" class=\"wp-image-1669\" style=\"width:439px;height:auto\" srcset=\"https:\/\/instar-robotics.com\/wp-content\/uploads\/2025\/04\/I00201_v2_Hand_jardiniere_CHAPELU_Talia_2-1365x1024.png 1365w, https:\/\/instar-robotics.com\/wp-content\/uploads\/2025\/04\/I00201_v2_Hand_jardiniere_CHAPELU_Talia_2-300x225.png 300w, https:\/\/instar-robotics.com\/wp-content\/uploads\/2025\/04\/I00201_v2_Hand_jardiniere_CHAPELU_Talia_2-768x576.png 768w, https:\/\/instar-robotics.com\/wp-content\/uploads\/2025\/04\/I00201_v2_Hand_jardiniere_CHAPELU_Talia_2-1536x1152.png 1536w, https:\/\/instar-robotics.com\/wp-content\/uploads\/2025\/04\/I00201_v2_Hand_jardiniere_CHAPELU_Talia_2.png 2048w\" sizes=\"auto, (max-width: 1365px) 100vw, 1365px\" \/><\/figure>\n<\/div><\/div>\n<\/div>\n\n\n\n<hr class=\"wp-block-separator has-alpha-channel-opacity\"\/>\n\n\n\n<div class=\"wp-block-media-text has-media-on-the-right is-stacked-on-mobile\"><div class=\"wp-block-media-text__content\">\n<h2 class=\"wp-block-heading\" style=\"font-size:28px\"><strong>Barquette et plaque<\/strong><\/h2>\n\n\n\n<ul class=\"wp-block-list\">\n<li style=\"font-size:20px\">Jusqu&#8217;\u00e0 <strong>40 cm de large<\/strong><\/li>\n<\/ul>\n<\/div><figure class=\"wp-block-media-text__media\"><img loading=\"lazy\" decoding=\"async\" width=\"1600\" height=\"498\" src=\"https:\/\/instar-robotics.com\/wp-content\/uploads\/2025\/11\/image-1600x498.png\" alt=\"\" class=\"wp-image-1829 size-full\" srcset=\"https:\/\/instar-robotics.com\/wp-content\/uploads\/2025\/11\/image-1600x498.png 1600w, https:\/\/instar-robotics.com\/wp-content\/uploads\/2025\/11\/image-300x93.png 300w, https:\/\/instar-robotics.com\/wp-content\/uploads\/2025\/11\/image-768x239.png 768w, https:\/\/instar-robotics.com\/wp-content\/uploads\/2025\/11\/image-1536x478.png 1536w, https:\/\/instar-robotics.com\/wp-content\/uploads\/2025\/11\/image.png 1894w\" sizes=\"auto, (max-width: 1600px) 100vw, 1600px\" \/><\/figure><\/div>\n\n\n\n<div class=\"wp-block-columns is-layout-flex wp-container-core-columns-is-layout-9d6595d7 wp-block-columns-is-layout-flex\">\n<div class=\"wp-block-column is-layout-flow wp-block-column-is-layout-flow\"><div class=\"wp-block-image\">\n<figure class=\"aligncenter size-full is-resized\"><img loading=\"lazy\" decoding=\"async\" width=\"793\" height=\"638\" src=\"https:\/\/instar-robotics.com\/wp-content\/uploads\/2025\/11\/hand1.png\" alt=\"\" class=\"wp-image-1830\" style=\"width:362px;height:auto\" srcset=\"https:\/\/instar-robotics.com\/wp-content\/uploads\/2025\/11\/hand1.png 793w, https:\/\/instar-robotics.com\/wp-content\/uploads\/2025\/11\/hand1-300x241.png 300w, https:\/\/instar-robotics.com\/wp-content\/uploads\/2025\/11\/hand1-768x618.png 768w\" sizes=\"auto, (max-width: 793px) 100vw, 793px\" \/><\/figure>\n<\/div><\/div>\n\n\n\n<div class=\"wp-block-column is-layout-flow wp-block-column-is-layout-flow\"><div class=\"wp-block-image\">\n<figure class=\"aligncenter size-full is-resized\"><img loading=\"lazy\" decoding=\"async\" width=\"610\" height=\"639\" src=\"https:\/\/instar-robotics.com\/wp-content\/uploads\/2025\/11\/hand2.png\" alt=\"\" class=\"wp-image-1831\" style=\"width:286px;height:auto\" srcset=\"https:\/\/instar-robotics.com\/wp-content\/uploads\/2025\/11\/hand2.png 610w, https:\/\/instar-robotics.com\/wp-content\/uploads\/2025\/11\/hand2-286x300.png 286w\" sizes=\"auto, (max-width: 610px) 100vw, 610px\" \/><\/figure>\n<\/div><\/div>\n<\/div>\n\n\n\n<hr class=\"wp-block-separator has-alpha-channel-opacity\"\/>\n\n\n\n<div class=\"wp-block-media-text has-media-on-the-right is-stacked-on-mobile\" style=\"grid-template-columns:auto 44%\"><div class=\"wp-block-media-text__content\">\n<h2 class=\"wp-block-heading\" style=\"font-size:28px\"><strong>Suspension<\/strong><\/h2>\n\n\n\n<ul class=\"wp-block-list\">\n<li style=\"font-size:20px\">Jusqu&#8217;\u00e0 <strong>29 cm de diam\u00e8tre<\/strong><\/li>\n<\/ul>\n<\/div><figure class=\"wp-block-media-text__media\"><img loading=\"lazy\" decoding=\"async\" width=\"1381\" height=\"869\" src=\"https:\/\/instar-robotics.com\/wp-content\/uploads\/2025\/11\/coupe.png\" alt=\"\" class=\"wp-image-1843 size-full\" srcset=\"https:\/\/instar-robotics.com\/wp-content\/uploads\/2025\/11\/coupe.png 1381w, https:\/\/instar-robotics.com\/wp-content\/uploads\/2025\/11\/coupe-300x189.png 300w, https:\/\/instar-robotics.com\/wp-content\/uploads\/2025\/11\/coupe-768x483.png 768w\" sizes=\"auto, (max-width: 1381px) 100vw, 1381px\" \/><\/figure><\/div>\n\n\n\n<div class=\"wp-block-columns is-layout-flex wp-container-core-columns-is-layout-9d6595d7 wp-block-columns-is-layout-flex\">\n<div class=\"wp-block-column is-layout-flow wp-block-column-is-layout-flow\"><div class=\"wp-block-image\">\n<figure class=\"aligncenter size-full is-resized\"><img loading=\"lazy\" decoding=\"async\" width=\"922\" height=\"534\" src=\"https:\/\/instar-robotics.com\/wp-content\/uploads\/2025\/11\/plateau.png\" alt=\"\" class=\"wp-image-1844\" style=\"width:371px;height:auto\" srcset=\"https:\/\/instar-robotics.com\/wp-content\/uploads\/2025\/11\/plateau.png 922w, https:\/\/instar-robotics.com\/wp-content\/uploads\/2025\/11\/plateau-300x174.png 300w, https:\/\/instar-robotics.com\/wp-content\/uploads\/2025\/11\/plateau-768x445.png 768w\" sizes=\"auto, (max-width: 922px) 100vw, 922px\" \/><\/figure>\n<\/div><\/div>\n\n\n\n<div class=\"wp-block-column is-layout-flow wp-block-column-is-layout-flow\"><div class=\"wp-block-image\">\n<figure class=\"aligncenter size-full is-resized\"><img loading=\"lazy\" decoding=\"async\" width=\"901\" height=\"607\" src=\"https:\/\/instar-robotics.com\/wp-content\/uploads\/2025\/11\/hand.png\" alt=\"\" class=\"wp-image-1845\" style=\"width:322px;height:auto\" srcset=\"https:\/\/instar-robotics.com\/wp-content\/uploads\/2025\/11\/hand.png 901w, https:\/\/instar-robotics.com\/wp-content\/uploads\/2025\/11\/hand-300x202.png 300w, https:\/\/instar-robotics.com\/wp-content\/uploads\/2025\/11\/hand-768x517.png 768w\" sizes=\"auto, (max-width: 901px) 100vw, 901px\" \/><\/figure>\n<\/div><\/div>\n<\/div>\n","protected":false},"excerpt":{"rendered":"<p>Le robot TROOPER g\u00e8re une large gamme de conteneurs : pots ronds, pots ronds carr\u00e9s, pots carr\u00e9s, jardini\u00e8res, pots de chrysanth\u00e8me. barquettes &#8230; Le robot est compatible avec toutes les marques : SOPARCO, CEP, CHAPELU, TEKU, SOGEPO, DESCH &#8230; Les mains et les magasins sont adapt\u00e9s pour chaque conteneur et chaque litrage. Envoyez-nous la r\u00e9f\u00e9rence &#8230; <a title=\"Magasins et mains\" class=\"read-more\" href=\"https:\/\/instar-robotics.com\/?page_id=670\" aria-label=\"En savoir plus sur Magasins et mains\">Lire la suite<\/a><\/p>\n","protected":false},"author":2,"featured_media":0,"parent":0,"menu_order":0,"comment_status":"closed","ping_status":"closed","template":"","meta":{"footnotes":""},"class_list":["post-670","page","type-page","status-publish"],"_links":{"self":[{"href":"https:\/\/instar-robotics.com\/index.php?rest_route=\/wp\/v2\/pages\/670","targetHints":{"allow":["GET"]}}],"collection":[{"href":"https:\/\/instar-robotics.com\/index.php?rest_route=\/wp\/v2\/pages"}],"about":[{"href":"https:\/\/instar-robotics.com\/index.php?rest_route=\/wp\/v2\/types\/page"}],"author":[{"embeddable":true,"href":"https:\/\/instar-robotics.com\/index.php?rest_route=\/wp\/v2\/users\/2"}],"replies":[{"embeddable":true,"href":"https:\/\/instar-robotics.com\/index.php?rest_route=%2Fwp%2Fv2%2Fcomments&post=670"}],"version-history":[{"count":47,"href":"https:\/\/instar-robotics.com\/index.php?rest_route=\/wp\/v2\/pages\/670\/revisions"}],"predecessor-version":[{"id":1849,"href":"https:\/\/instar-robotics.com\/index.php?rest_route=\/wp\/v2\/pages\/670\/revisions\/1849"}],"wp:attachment":[{"href":"https:\/\/instar-robotics.com\/index.php?rest_route=%2Fwp%2Fv2%2Fmedia&parent=670"}],"curies":[{"name":"wp","href":"https:\/\/api.w.org\/{rel}","templated":true}]}}