{"id":283,"date":"2021-11-04T14:54:00","date_gmt":"2021-11-04T13:54:00","guid":{"rendered":"http:\/\/frodon.instar-robotics.com\/wp-INSTAR\/?page_id=283"},"modified":"2022-09-08T16:02:21","modified_gmt":"2022-09-08T14:02:21","slug":"nous-recrutons","status":"publish","type":"page","link":"https:\/\/instar-robotics.com\/?page_id=283","title":{"rendered":"Nous recrutons"},"content":{"rendered":"\n<p class=\"has-text-align-center\"><strong><span style=\"color:#1f6205\" class=\"has-inline-color\">INSTAR Robotics recrute !<\/span><\/strong><br>Nous recherchons actuellement les profils suivants:<\/p>\n\n\n\n<div class=\"wp-block-columns is-layout-flex wp-container-core-columns-is-layout-9d6595d7 wp-block-columns-is-layout-flex\">\n<div class=\"wp-block-column is-layout-flow wp-block-column-is-layout-flow\" style=\"flex-basis:100%\">\n<ul class=\"wp-block-list\"><li>Responsable Business Dev. \/ Commercial<\/li><li>Ing\u00e9nieur\/docteur en robotique ou intelligence artificielle <\/li><li>Ing\u00e9nieur\/docteur en \u00e9lectronique  <\/li><li>Ing\u00e9nieur\/docteur en m\u00e9canique<\/li><li>Sp\u00e9cialiste de l&#8217;industrialisation de produits, relation fournisseur et achats<\/li><li>Technicien monteur\/cableur et SAV<br><\/li><\/ul>\n\n\n\n<p class=\"has-text-align-center\">Vous \u00eates curieux, talentueux et passionn\u00e9 ?<br>Vous souhaitez int\u00e9grer une petite \u00e9quipe dynamique et faire partie de l&#8217;aventure ?<br>Envoyez votre candidature d\u00e8s maintenant via la page <a href=\"https:\/\/instar-robotics.com\/?page_id=8\" data-type=\"page\" data-id=\"8\">Contact<\/a><\/p>\n<\/div>\n<\/div>\n","protected":false},"excerpt":{"rendered":"<p>INSTAR Robotics recrute !Nous recherchons actuellement les profils suivants: Responsable Business Dev. \/ Commercial Ing\u00e9nieur\/docteur en robotique ou intelligence artificielle Ing\u00e9nieur\/docteur en \u00e9lectronique Ing\u00e9nieur\/docteur en m\u00e9canique Sp\u00e9cialiste de l&#8217;industrialisation de produits, relation fournisseur et achats Technicien monteur\/cableur et SAV Vous \u00eates curieux, talentueux et passionn\u00e9 ?Vous souhaitez int\u00e9grer une petite \u00e9quipe dynamique et faire partie &#8230; <a title=\"Nous recrutons\" class=\"read-more\" href=\"https:\/\/instar-robotics.com\/?page_id=283\" aria-label=\"En savoir plus sur Nous recrutons\">Lire la suite<\/a><\/p>\n","protected":false},"author":1,"featured_media":0,"parent":0,"menu_order":0,"comment_status":"closed","ping_status":"closed","template":"","meta":{"footnotes":""},"class_list":["post-283","page","type-page","status-publish"],"_links":{"self":[{"href":"https:\/\/instar-robotics.com\/index.php?rest_route=\/wp\/v2\/pages\/283","targetHints":{"allow":["GET"]}}],"collection":[{"href":"https:\/\/instar-robotics.com\/index.php?rest_route=\/wp\/v2\/pages"}],"about":[{"href":"https:\/\/instar-robotics.com\/index.php?rest_route=\/wp\/v2\/types\/page"}],"author":[{"embeddable":true,"href":"https:\/\/instar-robotics.com\/index.php?rest_route=\/wp\/v2\/users\/1"}],"replies":[{"embeddable":true,"href":"https:\/\/instar-robotics.com\/index.php?rest_route=%2Fwp%2Fv2%2Fcomments&post=283"}],"version-history":[{"count":8,"href":"https:\/\/instar-robotics.com\/index.php?rest_route=\/wp\/v2\/pages\/283\/revisions"}],"predecessor-version":[{"id":1311,"href":"https:\/\/instar-robotics.com\/index.php?rest_route=\/wp\/v2\/pages\/283\/revisions\/1311"}],"wp:attachment":[{"href":"https:\/\/instar-robotics.com\/index.php?rest_route=%2Fwp%2Fv2%2Fmedia&parent=283"}],"curies":[{"name":"wp","href":"https:\/\/api.w.org\/{rel}","templated":true}]}}