{"id":267,"date":"2021-10-31T16:08:31","date_gmt":"2021-10-31T15:08:31","guid":{"rendered":"http:\/\/frodon.instar-robotics.com\/wp-INSTAR\/?page_id=267"},"modified":"2022-09-28T16:22:43","modified_gmt":"2022-09-28T14:22:43","slug":"commander","status":"publish","type":"page","link":"https:\/\/instar-robotics.com\/?page_id=267","title":{"rendered":"Commander"},"content":{"rendered":"\n<p>Pour une d\u00e9monstration ou une demande de devis : <\/p>\n\n\n\n<p>Envoyez nous un email \u00e0 l&#8217;adresse <strong>contact@instar-robotics.com<\/strong> ou via le <a href=\"https:\/\/instar-robotics.com\/?page_id=8\" data-type=\"page\" data-id=\"8\">formulaire de contact<\/a> en pr\u00e9cisant les options choisies (voir ci dessous), votre adresse ainsi qu&#8217;un num\u00e9ro de t\u00e9l\u00e9phone o\u00f9 vous joindre.<\/p>\n\n\n\n<div class=\"wp-block-columns has-contrast-2-background-color has-background is-layout-flex wp-container-core-columns-is-layout-9d6595d7 wp-block-columns-is-layout-flex\">\n<div class=\"wp-block-column is-vertically-aligned-center has-contrast-2-background-color has-background is-layout-flow wp-block-column-is-layout-flow\" style=\"flex-basis:25%\">\n<div style=\"height:30px\" aria-hidden=\"true\" class=\"wp-block-spacer\"><\/div>\n\n\n<div class=\"wp-block-image\">\n<figure class=\"aligncenter size-large is-resized\"><img loading=\"lazy\" decoding=\"async\" src=\"https:\/\/instar-robotics.com\/wp-content\/uploads\/2021\/12\/demo_icon.svg\" alt=\"\" class=\"wp-image-695\" width=\"97\" height=\"111\"\/><\/figure>\n<\/div>\n\n\n<p class=\"has-text-align-center\" style=\"font-size:26px\"><strong>D\u00e9monstration chez vous !<\/strong><\/p>\n<\/div>\n\n\n\n<div class=\"wp-block-column is-vertically-aligned-center is-layout-flow wp-block-column-is-layout-flow\" style=\"flex-basis:12%\"><div class=\"wp-block-image\">\n<figure class=\"aligncenter size-large is-resized\"><img loading=\"lazy\" decoding=\"async\" src=\"https:\/\/instar-robotics.com\/wp-content\/uploads\/2021\/11\/arrow.svg\" alt=\"\" class=\"wp-image-626\" width=\"92\" height=\"93\" srcset=\"https:\/\/instar-robotics.com\/wp-content\/uploads\/\/2021\/11\/arrow.svg 150w, https:\/\/instar-robotics.com\/wp-content\/uploads\/\/2021\/11\/arrow.svg 300w, https:\/\/instar-robotics.com\/wp-content\/uploads\/\/2021\/11\/arrow.svg 1024w, https:\/\/instar-robotics.com\/wp-content\/uploads\/\/2021\/11\/arrow.svg 78w\" sizes=\"auto, (max-width: 92px) 100vw, 92px\" \/><\/figure>\n<\/div><\/div>\n\n\n\n<div class=\"wp-block-column is-vertically-aligned-center is-layout-flow wp-block-column-is-layout-flow\" style=\"flex-basis:25%\">\n<div style=\"height:30px\" aria-hidden=\"true\" class=\"wp-block-spacer\"><\/div>\n\n\n<div class=\"wp-block-image\">\n<figure class=\"aligncenter size-large is-resized\"><img loading=\"lazy\" decoding=\"async\" src=\"https:\/\/instar-robotics.com\/wp-content\/uploads\/2021\/11\/30days-1.svg\" alt=\"\" class=\"wp-image-627\" width=\"146\" height=\"148\"\/><\/figure>\n<\/div>\n\n\n<p class=\"has-text-align-center\" style=\"font-size:26px\"><strong>30 jours d&#8217;essai<\/strong><\/p>\n<\/div>\n\n\n\n<div class=\"wp-block-column is-vertically-aligned-center is-layout-flow wp-block-column-is-layout-flow\" style=\"flex-basis:12%\"><div class=\"wp-block-image\">\n<figure class=\"aligncenter size-large is-resized\"><img loading=\"lazy\" decoding=\"async\" src=\"https:\/\/instar-robotics.com\/wp-content\/uploads\/2021\/11\/arrow.svg\" alt=\"\" class=\"wp-image-626\" width=\"89\" height=\"90\" srcset=\"https:\/\/instar-robotics.com\/wp-content\/uploads\/\/2021\/11\/arrow.svg 150w, https:\/\/instar-robotics.com\/wp-content\/uploads\/\/2021\/11\/arrow.svg 300w, https:\/\/instar-robotics.com\/wp-content\/uploads\/\/2021\/11\/arrow.svg 1024w, https:\/\/instar-robotics.com\/wp-content\/uploads\/\/2021\/11\/arrow.svg 78w\" sizes=\"auto, (max-width: 89px) 100vw, 89px\" \/><\/figure>\n<\/div><\/div>\n\n\n\n<div class=\"wp-block-column is-vertically-aligned-center is-layout-flow wp-block-column-is-layout-flow\" style=\"flex-basis:25%\">\n<div style=\"height:30px\" aria-hidden=\"true\" class=\"wp-block-spacer\"><\/div>\n\n\n<div class=\"wp-block-image\">\n<figure class=\"aligncenter size-large is-resized\"><img loading=\"lazy\" decoding=\"async\" src=\"https:\/\/instar-robotics.com\/wp-content\/uploads\/2022\/09\/trooper_icon.svg\" alt=\"\" class=\"wp-image-978\" width=\"225\" height=\"145\" srcset=\"https:\/\/instar-robotics.com\/wp-content\/uploads\/\/2022\/09\/trooper_icon.svg 1600w, https:\/\/instar-robotics.com\/wp-content\/uploads\/\/2022\/09\/trooper_icon.svg 69w\" sizes=\"auto, (max-width: 225px) 100vw, 225px\" \/><\/figure>\n<\/div>\n\n\n<p class=\"has-text-align-center\" style=\"font-size:26px\"><strong>Achat une fois convaincu<\/strong><\/p>\n<\/div>\n<\/div>\n\n\n\n<hr class=\"wp-block-separator has-css-opacity\"\/>\n\n\n\n<h2 class=\"wp-block-heading\">Trooper est livr\u00e9 avec les accessoires suivants : <\/h2>\n\n\n\n<div class=\"wp-block-columns are-vertically-aligned-center is-layout-flex wp-container-core-columns-is-layout-9d6595d7 wp-block-columns-is-layout-flex\">\n<div class=\"wp-block-column is-vertically-aligned-center is-layout-flow wp-block-column-is-layout-flow\" style=\"flex-basis:33%\">\n<div class=\"wp-block-media-text is-stacked-on-mobile is-vertically-aligned-center\" style=\"grid-template-columns:15% auto\"><figure class=\"wp-block-media-text__media\"><img loading=\"lazy\" decoding=\"async\" width=\"20\" height=\"17\" src=\"https:\/\/instar-robotics.com\/wp-content\/uploads\/2022\/05\/icon_chargeur.svg\" alt=\"\" class=\"wp-image-831 size-full\"\/><\/figure><div class=\"wp-block-media-text__content\">\n<p class=\"has-text-align-left has-medium-font-size\">Un chargeur 24V-13A <\/p>\n<\/div><\/div>\n\n\n\n<div style=\"height:100px\" aria-hidden=\"true\" class=\"wp-block-spacer\"><\/div>\n\n\n\n<div class=\"wp-block-media-text is-stacked-on-mobile is-vertically-aligned-center\" style=\"grid-template-columns:15% auto\"><figure class=\"wp-block-media-text__media\"><img loading=\"lazy\" decoding=\"async\" width=\"31\" height=\"31\" src=\"https:\/\/instar-robotics.com\/wp-content\/uploads\/2022\/05\/icon_magasin.svg\" alt=\"\" class=\"wp-image-794 size-full\" srcset=\"https:\/\/instar-robotics.com\/wp-content\/uploads\/\/2022\/05\/icon_magasin.svg 150w, https:\/\/instar-robotics.com\/wp-content\/uploads\/\/2022\/05\/icon_magasin.svg 300w, https:\/\/instar-robotics.com\/wp-content\/uploads\/\/2022\/05\/icon_magasin.svg 1024w, https:\/\/instar-robotics.com\/wp-content\/uploads\/\/2022\/05\/icon_magasin.svg 31w\" sizes=\"auto, (max-width: 31px) 100vw, 31px\" \/><\/figure><div class=\"wp-block-media-text__content\">\n<p class=\"has-text-align-left has-medium-font-size\"><a href=\"https:\/\/instar-robotics.com\/?page_id=670\" data-type=\"page\" data-id=\"670\">Un magasin<\/a> avec un jeu de mains au choix<\/p>\n<\/div><\/div>\n<\/div>\n\n\n\n<div class=\"wp-block-column is-vertically-aligned-center is-layout-flow wp-block-column-is-layout-flow\" style=\"flex-basis:33%\">\n<div class=\"wp-block-media-text is-stacked-on-mobile is-vertically-aligned-center\" style=\"grid-template-columns:20% auto\"><figure class=\"wp-block-media-text__media\"><img loading=\"lazy\" decoding=\"async\" width=\"22\" height=\"13\" src=\"https:\/\/instar-robotics.com\/wp-content\/uploads\/2022\/09\/icon_batterie2-1.svg\" alt=\"\" class=\"wp-image-959 size-full\"\/><\/figure><div class=\"wp-block-media-text__content\">\n<p class=\"has-text-align-left has-medium-font-size\">Une batterie LiFePO4 24V-50Ah<\/p>\n<\/div><\/div>\n\n\n\n<div style=\"height:100px\" aria-hidden=\"true\" class=\"wp-block-spacer\"><\/div>\n\n\n\n<div class=\"wp-block-media-text is-stacked-on-mobile is-vertically-aligned-center\" style=\"grid-template-columns:16% auto\"><figure class=\"wp-block-media-text__media\"><img loading=\"lazy\" decoding=\"async\" width=\"29\" height=\"29\" src=\"https:\/\/instar-robotics.com\/wp-content\/uploads\/2022\/05\/icon_roue.svg\" alt=\"\" class=\"wp-image-795 size-full\" srcset=\"https:\/\/instar-robotics.com\/wp-content\/uploads\/\/2022\/05\/icon_roue.svg 150w, https:\/\/instar-robotics.com\/wp-content\/uploads\/\/2022\/05\/icon_roue.svg 300w, https:\/\/instar-robotics.com\/wp-content\/uploads\/\/2022\/05\/icon_roue.svg 1024w, https:\/\/instar-robotics.com\/wp-content\/uploads\/\/2022\/05\/icon_roue.svg 29w\" sizes=\"auto, (max-width: 29px) 100vw, 29px\" \/><\/figure><div class=\"wp-block-media-text__content\">\n<p class=\"has-text-align-left has-medium-font-size\">Jeu de roues motrices (agraires ou lisses)<\/p>\n<\/div><\/div>\n<\/div>\n\n\n\n<div class=\"wp-block-column is-vertically-aligned-center is-layout-flow wp-block-column-is-layout-flow\" style=\"flex-basis:33%\">\n<div class=\"wp-block-media-text is-stacked-on-mobile is-vertically-aligned-center\" style=\"grid-template-columns:22% auto\"><figure class=\"wp-block-media-text__media\"><img loading=\"lazy\" decoding=\"async\" width=\"30\" height=\"19\" src=\"https:\/\/instar-robotics.com\/wp-content\/uploads\/2022\/05\/icon_manette-1.svg\" alt=\"\" class=\"wp-image-796 size-full\"\/><\/figure><div class=\"wp-block-media-text__content\">\n<p class=\"has-text-align-left has-medium-font-size\">Une manette sans fil<\/p>\n<\/div><\/div>\n\n\n\n<div style=\"height:100px\" aria-hidden=\"true\" class=\"wp-block-spacer\"><\/div>\n\n\n\n<div class=\"wp-block-media-text is-stacked-on-mobile is-vertically-aligned-center\" style=\"grid-template-columns:15% auto\"><figure class=\"wp-block-media-text__media\"><img loading=\"lazy\" decoding=\"async\" width=\"26\" height=\"29\" src=\"https:\/\/instar-robotics.com\/wp-content\/uploads\/2022\/05\/icon_plot-1.svg\" alt=\"\" class=\"wp-image-798 size-full\"\/><\/figure><div class=\"wp-block-media-text__content\">\n<p class=\"has-text-align-left has-medium-font-size\">Un jeu de 10 plots de d\u00e9limitation<\/p>\n<\/div><\/div>\n<\/div>\n<\/div>\n\n\n\n<hr class=\"wp-block-separator has-css-opacity\"\/>\n\n\n\n<h2 class=\"wp-block-heading\">Vous pouvez choisir les options suivantes :<\/h2>\n\n\n\n<div class=\"wp-block-columns are-vertically-aligned-center is-layout-flex wp-container-core-columns-is-layout-9d6595d7 wp-block-columns-is-layout-flex\">\n<div class=\"wp-block-column is-vertically-aligned-center is-layout-flow wp-block-column-is-layout-flow\">\n<div class=\"wp-block-media-text is-stacked-on-mobile is-vertically-aligned-center\" style=\"grid-template-columns:15% auto\"><figure class=\"wp-block-media-text__media\"><img loading=\"lazy\" decoding=\"async\" width=\"31\" height=\"31\" src=\"https:\/\/instar-robotics.com\/wp-content\/uploads\/2022\/05\/icon_magasin-1.svg\" alt=\"\" class=\"wp-image-823 size-full\" srcset=\"https:\/\/instar-robotics.com\/wp-content\/uploads\/\/2022\/05\/icon_magasin-1.svg 150w, https:\/\/instar-robotics.com\/wp-content\/uploads\/\/2022\/05\/icon_magasin-1.svg 300w, https:\/\/instar-robotics.com\/wp-content\/uploads\/\/2022\/05\/icon_magasin-1.svg 1024w, https:\/\/instar-robotics.com\/wp-content\/uploads\/\/2022\/05\/icon_magasin-1.svg 31w\" sizes=\"auto, (max-width: 31px) 100vw, 31px\" \/><\/figure><div class=\"wp-block-media-text__content\">\n<p class=\"has-text-align-left has-medium-font-size\"><strong>Option Magasin<\/strong> : un magasin suppl\u00e9mentaire avec son jeu de mains associ\u00e9es<\/p>\n<\/div><\/div>\n<\/div>\n\n\n\n<div class=\"wp-block-column is-vertically-aligned-center is-layout-flow wp-block-column-is-layout-flow\">\n<div class=\"wp-block-media-text is-stacked-on-mobile is-vertically-aligned-center\" style=\"grid-template-columns:15% auto\"><figure class=\"wp-block-media-text__media\"><img loading=\"lazy\" decoding=\"async\" width=\"22\" height=\"13\" src=\"https:\/\/instar-robotics.com\/wp-content\/uploads\/2022\/09\/icon_batterie2.svg\" alt=\"\" class=\"wp-image-957 size-large\"\/><\/figure><div class=\"wp-block-media-text__content\">\n<p class=\"has-text-align-left has-medium-font-size\"><strong>Option Multi-batteries<\/strong> : une batterie LiFePO4 24V-50Ah suppl\u00e9mentaire<\/p>\n<\/div><\/div>\n\n\n\n<p><\/p>\n<\/div>\n<\/div>\n\n\n\n<div class=\"wp-block-columns are-vertically-aligned-center is-layout-flex wp-container-core-columns-is-layout-9d6595d7 wp-block-columns-is-layout-flex\">\n<div class=\"wp-block-column is-vertically-aligned-center is-layout-flow wp-block-column-is-layout-flow\">\n<div class=\"wp-block-media-text is-stacked-on-mobile is-vertically-aligned-center\" style=\"grid-template-columns:15% auto\"><figure class=\"wp-block-media-text__media\"><img loading=\"lazy\" decoding=\"async\" width=\"29\" height=\"29\" src=\"https:\/\/instar-robotics.com\/wp-content\/uploads\/2022\/05\/icon_roue.svg\" alt=\"\" class=\"wp-image-795 size-full\" srcset=\"https:\/\/instar-robotics.com\/wp-content\/uploads\/\/2022\/05\/icon_roue.svg 150w, https:\/\/instar-robotics.com\/wp-content\/uploads\/\/2022\/05\/icon_roue.svg 300w, https:\/\/instar-robotics.com\/wp-content\/uploads\/\/2022\/05\/icon_roue.svg 1024w, https:\/\/instar-robotics.com\/wp-content\/uploads\/\/2022\/05\/icon_roue.svg 29w\" sizes=\"auto, (max-width: 29px) 100vw, 29px\" \/><\/figure><div class=\"wp-block-media-text__content\">\n<p class=\"has-text-align-left has-medium-font-size\"><strong>Option Mobile<\/strong> : un jeu de roues suppl\u00e9mentaire (agraires ou lisses)<\/p>\n<\/div><\/div>\n<\/div>\n\n\n\n<div class=\"wp-block-column is-vertically-aligned-center is-layout-flow wp-block-column-is-layout-flow\">\n<div class=\"wp-block-media-text is-stacked-on-mobile is-vertically-aligned-center\" style=\"grid-template-columns:15% auto\"><figure class=\"wp-block-media-text__media\"><img loading=\"lazy\" decoding=\"async\" width=\"26\" height=\"29\" src=\"https:\/\/instar-robotics.com\/wp-content\/uploads\/2022\/05\/icon_plot.svg\" alt=\"\" class=\"wp-image-797 size-full\"\/><\/figure><div class=\"wp-block-media-text__content\">\n<p class=\"has-medium-font-size\"><strong>Option BigBed<\/strong> : Un lot suppl\u00e9mentaire de 10 plots de d\u00e9limitation <\/p>\n<\/div><\/div>\n<\/div>\n<\/div>\n","protected":false},"excerpt":{"rendered":"<p>Pour une d\u00e9monstration ou une demande de devis : Envoyez nous un email \u00e0 l&#8217;adresse contact@instar-robotics.com ou via le formulaire de contact en pr\u00e9cisant les options choisies (voir ci dessous), votre adresse ainsi qu&#8217;un num\u00e9ro de t\u00e9l\u00e9phone o\u00f9 vous joindre. D\u00e9monstration chez vous ! 30 jours d&#8217;essai Achat une fois convaincu Trooper est livr\u00e9 avec &#8230; <a title=\"Commander\" class=\"read-more\" href=\"https:\/\/instar-robotics.com\/?page_id=267\" aria-label=\"En savoir plus sur Commander\">Lire la suite<\/a><\/p>\n","protected":false},"author":1,"featured_media":0,"parent":0,"menu_order":0,"comment_status":"closed","ping_status":"closed","template":"","meta":{"footnotes":""},"class_list":["post-267","page","type-page","status-publish"],"_links":{"self":[{"href":"https:\/\/instar-robotics.com\/index.php?rest_route=\/wp\/v2\/pages\/267","targetHints":{"allow":["GET"]}}],"collection":[{"href":"https:\/\/instar-robotics.com\/index.php?rest_route=\/wp\/v2\/pages"}],"about":[{"href":"https:\/\/instar-robotics.com\/index.php?rest_route=\/wp\/v2\/types\/page"}],"author":[{"embeddable":true,"href":"https:\/\/instar-robotics.com\/index.php?rest_route=\/wp\/v2\/users\/1"}],"replies":[{"embeddable":true,"href":"https:\/\/instar-robotics.com\/index.php?rest_route=%2Fwp%2Fv2%2Fcomments&post=267"}],"version-history":[{"count":96,"href":"https:\/\/instar-robotics.com\/index.php?rest_route=\/wp\/v2\/pages\/267\/revisions"}],"predecessor-version":[{"id":1531,"href":"https:\/\/instar-robotics.com\/index.php?rest_route=\/wp\/v2\/pages\/267\/revisions\/1531"}],"wp:attachment":[{"href":"https:\/\/instar-robotics.com\/index.php?rest_route=%2Fwp%2Fv2%2Fmedia&parent=267"}],"curies":[{"name":"wp","href":"https:\/\/api.w.org\/{rel}","templated":true}]}}