{"id":261,"date":"2021-10-31T16:07:52","date_gmt":"2021-10-31T15:07:52","guid":{"rendered":"http:\/\/frodon.instar-robotics.com\/wp-INSTAR\/?page_id=261"},"modified":"2025-05-13T18:01:16","modified_gmt":"2025-05-13T16:01:16","slug":"lentreprise","status":"publish","type":"page","link":"https:\/\/instar-robotics.com\/?page_id=261","title":{"rendered":"L&#8217;entreprise"},"content":{"rendered":"<div class=\"wp-block-image\">\n<figure class=\"alignleft size-full is-resized\"><img loading=\"lazy\" decoding=\"async\" width=\"697\" height=\"774\" src=\"https:\/\/instar-robotics.com\/wp-content\/uploads\/2022\/09\/Trooper_plantes-1.png\" alt=\"\" class=\"wp-image-1044\" style=\"width:515px;height:572px\" srcset=\"https:\/\/instar-robotics.com\/wp-content\/uploads\/2022\/09\/Trooper_plantes-1.png 697w, https:\/\/instar-robotics.com\/wp-content\/uploads\/2022\/09\/Trooper_plantes-1-270x300.png 270w\" sizes=\"auto, (max-width: 697px) 100vw, 697px\" \/><\/figure>\n<\/div>\n\n\n<h2 class=\"wp-block-heading has-text-align-center\"><strong><span class=\"has-inline-color has-base-color\">Qui sommes-nous <\/span><\/strong><span class=\"has-inline-color has-base-color\"><strong>?<\/strong><br><\/span><\/h2>\n\n\n\n<p class=\"has-text-align-center\">INSTAR Robotics con\u00e7oit des<strong> robots mobiles autonomes pour l&#8217;horticulture<\/strong>.<br>Nos robots sont avant tout <strong>utiles <\/strong>et permettent d&#8217;all\u00e9ger la charge de travail pour que l\u2019humain puisse se focaliser sur son c\u0153ur de m\u00e9tier.<br>Nos robots sont bas\u00e9s sur l&#8217;utilisation de r\u00e9seaux de neurones artificiels apportant une <strong>grande r\u00e9activit\u00e9<\/strong> et une <strong>autonomie compl\u00e8te<\/strong>.<\/p>\n\n\n\n<h2 class=\"wp-block-heading has-text-align-center\"><br><strong><span class=\"has-inline-color has-base-color\">Que faisons-nous ?<\/span><\/strong><\/h2>\n\n\n\n<p class=\"has-text-align-center\"><br>Nous r\u00e9pondons au d\u00e9ficit de main d&#8217;\u0153uvre li\u00e9 aux travaux p\u00e9nibles et r\u00e9p\u00e9titifs dans le milieu horticole.<\/p>\n\n\n\n<p class=\"has-text-align-center has-contrast-2-background-color has-background\">Dans ce but, nous avons con\u00e7u <strong><mark style=\"background-color:rgba(0, 0, 0, 0)\" class=\"has-inline-color has-base-color\">TROOPER<\/mark>, le robot de distan\u00e7age<\/strong>, capable de r\u00e9aliser la manutention de plantes en pot, en totale autonomie, sur tous les types de surface, sous tunnel et serre comme en ext\u00e9rieur. \u00c9quip\u00e9 d&#8217;un <strong>module d&#8217;extension<\/strong>, <strong><mark style=\"background-color:rgba(0, 0, 0, 0)\" class=\"has-inline-color has-base-color\">TROOPER<\/mark><\/strong> se transforme en v\u00e9ritable <strong>ouvrier polyvalent<\/strong> capable de <strong>surfacer<\/strong> (ajout de micro-billes d&#8217;engrais), de <strong>tailler<\/strong> les plantes ou de <strong>pi\u00e9ger les ravageurs<\/strong>.<\/p>\n\n\n\n<p><\/p>\n","protected":false},"excerpt":{"rendered":"<p>Qui sommes-nous ? INSTAR Robotics con\u00e7oit des robots mobiles autonomes pour l&#8217;horticulture.Nos robots sont avant tout utiles et permettent d&#8217;all\u00e9ger la charge de travail pour que l\u2019humain puisse se focaliser sur son c\u0153ur de m\u00e9tier.Nos robots sont bas\u00e9s sur l&#8217;utilisation de r\u00e9seaux de neurones artificiels apportant une grande r\u00e9activit\u00e9 et une autonomie compl\u00e8te. Que faisons-nous &#8230; <a title=\"L&#8217;entreprise\" class=\"read-more\" href=\"https:\/\/instar-robotics.com\/?page_id=261\" aria-label=\"En savoir plus sur L&#8217;entreprise\">Lire la suite<\/a><\/p>\n","protected":false},"author":1,"featured_media":0,"parent":0,"menu_order":0,"comment_status":"closed","ping_status":"closed","template":"","meta":{"footnotes":""},"class_list":["post-261","page","type-page","status-publish"],"_links":{"self":[{"href":"https:\/\/instar-robotics.com\/index.php?rest_route=\/wp\/v2\/pages\/261","targetHints":{"allow":["GET"]}}],"collection":[{"href":"https:\/\/instar-robotics.com\/index.php?rest_route=\/wp\/v2\/pages"}],"about":[{"href":"https:\/\/instar-robotics.com\/index.php?rest_route=\/wp\/v2\/types\/page"}],"author":[{"embeddable":true,"href":"https:\/\/instar-robotics.com\/index.php?rest_route=\/wp\/v2\/users\/1"}],"replies":[{"embeddable":true,"href":"https:\/\/instar-robotics.com\/index.php?rest_route=%2Fwp%2Fv2%2Fcomments&post=261"}],"version-history":[{"count":23,"href":"https:\/\/instar-robotics.com\/index.php?rest_route=\/wp\/v2\/pages\/261\/revisions"}],"predecessor-version":[{"id":1814,"href":"https:\/\/instar-robotics.com\/index.php?rest_route=\/wp\/v2\/pages\/261\/revisions\/1814"}],"wp:attachment":[{"href":"https:\/\/instar-robotics.com\/index.php?rest_route=%2Fwp%2Fv2%2Fmedia&parent=261"}],"curies":[{"name":"wp","href":"https:\/\/api.w.org\/{rel}","templated":true}]}}