{"id":1418,"date":"2023-08-24T11:25:55","date_gmt":"2023-08-24T09:25:55","guid":{"rendered":"https:\/\/instar-robotics.com\/?page_id=1418"},"modified":"2025-05-13T15:02:44","modified_gmt":"2025-05-13T13:02:44","slug":"nos-clients","status":"publish","type":"page","link":"https:\/\/instar-robotics.com\/?page_id=1418","title":{"rendered":"M\u00e9dia"},"content":{"rendered":"\n<p>Suivez-nous sur <a href=\"https:\/\/www.youtube.com\/@INSTARRoboticsOfficiel\">notre chaine youtube <\/a>! <\/p>\n\n\n\n<div class=\"wp-block-columns is-layout-flex wp-container-core-columns-is-layout-9d6595d7 wp-block-columns-is-layout-flex\">\n<div class=\"wp-block-column is-layout-flow wp-block-column-is-layout-flow\">\n<figure class=\"wp-block-embed is-type-video is-provider-youtube wp-block-embed-youtube wp-embed-aspect-16-9 wp-has-aspect-ratio\"><div class=\"wp-block-embed__wrapper\">\n<iframe loading=\"lazy\" title=\"Notre robot Trooper distance d\u00e9sormais les petits litrages (pots de 12, 13, 14 et 15cm) !\" width=\"1200\" height=\"675\" src=\"https:\/\/www.youtube.com\/embed\/hm5DetBysrs?feature=oembed\" frameborder=\"0\" allow=\"accelerometer; autoplay; clipboard-write; encrypted-media; gyroscope; picture-in-picture; web-share\" referrerpolicy=\"strict-origin-when-cross-origin\" allowfullscreen><\/iframe>\n<\/div><\/figure>\n<\/div>\n\n\n\n<div class=\"wp-block-column is-layout-flow wp-block-column-is-layout-flow\">\n<figure class=\"wp-block-embed is-type-video is-provider-youtube wp-block-embed-youtube wp-embed-aspect-16-9 wp-has-aspect-ratio\"><div class=\"wp-block-embed__wrapper\">\n<iframe loading=\"lazy\" title=\"Le robot fran\u00e7ais Trooper arbore fi\u00e8rement les couleurs normandes chez p\u00e9pini\u00e8res Ramette et Fils !\" width=\"1200\" height=\"675\" src=\"https:\/\/www.youtube.com\/embed\/a4ldjobmFxo?feature=oembed\" frameborder=\"0\" allow=\"accelerometer; autoplay; clipboard-write; encrypted-media; gyroscope; picture-in-picture; web-share\" referrerpolicy=\"strict-origin-when-cross-origin\" allowfullscreen><\/iframe>\n<\/div><\/figure>\n<\/div>\n<\/div>\n\n\n\n<p>Ils ont choisi TROOPER :<\/p>\n\n\n<div class=\"wp-block-image\">\n<figure class=\"aligncenter size-large\"><img loading=\"lazy\" decoding=\"async\" width=\"1560\" height=\"1024\" src=\"https:\/\/instar-robotics.com\/wp-content\/uploads\/2023\/08\/image56-1560x1024.png\" alt=\"\" class=\"wp-image-1425\" srcset=\"https:\/\/instar-robotics.com\/wp-content\/uploads\/2023\/08\/image56-1560x1024.png 1560w, https:\/\/instar-robotics.com\/wp-content\/uploads\/2023\/08\/image56-300x197.png 300w, https:\/\/instar-robotics.com\/wp-content\/uploads\/2023\/08\/image56-768x504.png 768w, https:\/\/instar-robotics.com\/wp-content\/uploads\/2023\/08\/image56-1536x1009.png 1536w, https:\/\/instar-robotics.com\/wp-content\/uploads\/2023\/08\/image56-2048x1345.png 2048w\" sizes=\"auto, (max-width: 1560px) 100vw, 1560px\" \/><\/figure>\n<\/div>\n\n\n<figure class=\"wp-block-gallery has-nested-images columns-default is-cropped wp-block-gallery-1 is-layout-flex wp-block-gallery-is-layout-flex\">\n<figure class=\"wp-block-image size-large\"><img loading=\"lazy\" decoding=\"async\" width=\"1459\" height=\"1024\" data-id=\"1782\" src=\"https:\/\/instar-robotics.com\/wp-content\/uploads\/2025\/05\/Trooper_LEBLANC_3-1459x1024.jpg\" alt=\"\" class=\"wp-image-1782\" srcset=\"https:\/\/instar-robotics.com\/wp-content\/uploads\/2025\/05\/Trooper_LEBLANC_3-1459x1024.jpg 1459w, https:\/\/instar-robotics.com\/wp-content\/uploads\/2025\/05\/Trooper_LEBLANC_3-300x211.jpg 300w, https:\/\/instar-robotics.com\/wp-content\/uploads\/2025\/05\/Trooper_LEBLANC_3-768x539.jpg 768w, https:\/\/instar-robotics.com\/wp-content\/uploads\/2025\/05\/Trooper_LEBLANC_3-1536x1078.jpg 1536w, https:\/\/instar-robotics.com\/wp-content\/uploads\/2025\/05\/Trooper_LEBLANC_3.jpg 2000w\" sizes=\"auto, (max-width: 1459px) 100vw, 1459px\" \/><\/figure>\n\n\n\n<figure class=\"wp-block-image size-large\"><img loading=\"lazy\" decoding=\"async\" width=\"1600\" height=\"962\" data-id=\"1781\" src=\"https:\/\/instar-robotics.com\/wp-content\/uploads\/2025\/05\/Trooper_LEBLANC_2-1600x962.jpg\" alt=\"\" class=\"wp-image-1781\" srcset=\"https:\/\/instar-robotics.com\/wp-content\/uploads\/2025\/05\/Trooper_LEBLANC_2-1600x962.jpg 1600w, https:\/\/instar-robotics.com\/wp-content\/uploads\/2025\/05\/Trooper_LEBLANC_2-300x180.jpg 300w, https:\/\/instar-robotics.com\/wp-content\/uploads\/2025\/05\/Trooper_LEBLANC_2-768x462.jpg 768w, https:\/\/instar-robotics.com\/wp-content\/uploads\/2025\/05\/Trooper_LEBLANC_2-1536x923.jpg 1536w, https:\/\/instar-robotics.com\/wp-content\/uploads\/2025\/05\/Trooper_LEBLANC_2.jpg 1920w\" sizes=\"auto, (max-width: 1600px) 100vw, 1600px\" \/><\/figure>\n<\/figure>\n\n\n\n<figure class=\"wp-block-gallery has-nested-images columns-default is-cropped wp-block-gallery-2 is-layout-flex wp-block-gallery-is-layout-flex\">\n<figure class=\"wp-block-image size-large\"><img loading=\"lazy\" decoding=\"async\" width=\"576\" height=\"1024\" data-id=\"1787\" src=\"https:\/\/instar-robotics.com\/wp-content\/uploads\/2025\/05\/20241122_093637-576x1024.jpg\" alt=\"\" class=\"wp-image-1787\" srcset=\"https:\/\/instar-robotics.com\/wp-content\/uploads\/2025\/05\/20241122_093637-576x1024.jpg 576w, https:\/\/instar-robotics.com\/wp-content\/uploads\/2025\/05\/20241122_093637-169x300.jpg 169w, https:\/\/instar-robotics.com\/wp-content\/uploads\/2025\/05\/20241122_093637-768x1364.jpg 768w, https:\/\/instar-robotics.com\/wp-content\/uploads\/2025\/05\/20241122_093637-865x1536.jpg 865w, https:\/\/instar-robotics.com\/wp-content\/uploads\/2025\/05\/20241122_093637.jpg 1024w\" sizes=\"auto, (max-width: 576px) 100vw, 576px\" \/><\/figure>\n\n\n\n<figure class=\"wp-block-image size-large\"><img loading=\"lazy\" decoding=\"async\" width=\"576\" height=\"1024\" data-id=\"1788\" src=\"https:\/\/instar-robotics.com\/wp-content\/uploads\/2025\/05\/20241122_093756-576x1024.jpg\" alt=\"\" class=\"wp-image-1788\" srcset=\"https:\/\/instar-robotics.com\/wp-content\/uploads\/2025\/05\/20241122_093756-576x1024.jpg 576w, https:\/\/instar-robotics.com\/wp-content\/uploads\/2025\/05\/20241122_093756-169x300.jpg 169w, https:\/\/instar-robotics.com\/wp-content\/uploads\/2025\/05\/20241122_093756-768x1364.jpg 768w, https:\/\/instar-robotics.com\/wp-content\/uploads\/2025\/05\/20241122_093756-865x1536.jpg 865w, https:\/\/instar-robotics.com\/wp-content\/uploads\/2025\/05\/20241122_093756.jpg 1024w\" sizes=\"auto, (max-width: 576px) 100vw, 576px\" \/><\/figure>\n\n\n\n<figure class=\"wp-block-image size-large\"><img loading=\"lazy\" decoding=\"async\" width=\"576\" height=\"1024\" data-id=\"1789\" src=\"https:\/\/instar-robotics.com\/wp-content\/uploads\/2025\/05\/20241122_094117-576x1024.jpg\" alt=\"\" class=\"wp-image-1789\" srcset=\"https:\/\/instar-robotics.com\/wp-content\/uploads\/2025\/05\/20241122_094117-576x1024.jpg 576w, https:\/\/instar-robotics.com\/wp-content\/uploads\/2025\/05\/20241122_094117-169x300.jpg 169w, https:\/\/instar-robotics.com\/wp-content\/uploads\/2025\/05\/20241122_094117-768x1364.jpg 768w, https:\/\/instar-robotics.com\/wp-content\/uploads\/2025\/05\/20241122_094117-865x1536.jpg 865w, https:\/\/instar-robotics.com\/wp-content\/uploads\/2025\/05\/20241122_094117.jpg 1024w\" sizes=\"auto, (max-width: 576px) 100vw, 576px\" \/><\/figure>\n<\/figure>\n\n\n\n<figure class=\"wp-block-gallery has-nested-images columns-default is-cropped wp-block-gallery-3 is-layout-flex wp-block-gallery-is-layout-flex\">\n<figure class=\"wp-block-image size-large\"><img loading=\"lazy\" decoding=\"async\" width=\"1365\" height=\"1024\" data-id=\"1790\" src=\"https:\/\/instar-robotics.com\/wp-content\/uploads\/2025\/05\/Trooper_JARRY_3-1365x1024.jpg\" alt=\"\" class=\"wp-image-1790\" srcset=\"https:\/\/instar-robotics.com\/wp-content\/uploads\/2025\/05\/Trooper_JARRY_3-1365x1024.jpg 1365w, https:\/\/instar-robotics.com\/wp-content\/uploads\/2025\/05\/Trooper_JARRY_3-300x225.jpg 300w, https:\/\/instar-robotics.com\/wp-content\/uploads\/2025\/05\/Trooper_JARRY_3-768x576.jpg 768w, https:\/\/instar-robotics.com\/wp-content\/uploads\/2025\/05\/Trooper_JARRY_3-1536x1152.jpg 1536w, https:\/\/instar-robotics.com\/wp-content\/uploads\/2025\/05\/Trooper_JARRY_3.jpg 1600w\" sizes=\"auto, (max-width: 1365px) 100vw, 1365px\" \/><\/figure>\n\n\n\n<figure class=\"wp-block-image size-large\"><img loading=\"lazy\" decoding=\"async\" width=\"1365\" height=\"1024\" data-id=\"1791\" src=\"https:\/\/instar-robotics.com\/wp-content\/uploads\/2025\/05\/Trooper_Hortival_Diffusion-1365x1024.jpg\" alt=\"\" class=\"wp-image-1791\" srcset=\"https:\/\/instar-robotics.com\/wp-content\/uploads\/2025\/05\/Trooper_Hortival_Diffusion-1365x1024.jpg 1365w, https:\/\/instar-robotics.com\/wp-content\/uploads\/2025\/05\/Trooper_Hortival_Diffusion-300x225.jpg 300w, https:\/\/instar-robotics.com\/wp-content\/uploads\/2025\/05\/Trooper_Hortival_Diffusion-768x576.jpg 768w, https:\/\/instar-robotics.com\/wp-content\/uploads\/2025\/05\/Trooper_Hortival_Diffusion.jpg 1400w\" sizes=\"auto, (max-width: 1365px) 100vw, 1365px\" \/><\/figure>\n<\/figure>\n\n\n\n<figure class=\"wp-block-gallery has-nested-images columns-default is-cropped wp-block-gallery-4 is-layout-flex wp-block-gallery-is-layout-flex\">\n<figure class=\"wp-block-image size-large\"><img loading=\"lazy\" decoding=\"async\" width=\"1200\" height=\"901\" data-id=\"1808\" src=\"https:\/\/instar-robotics.com\/wp-content\/uploads\/2025\/05\/Trooper_VIET_Avril_2024_6-2.jpg\" alt=\"\" class=\"wp-image-1808\" srcset=\"https:\/\/instar-robotics.com\/wp-content\/uploads\/2025\/05\/Trooper_VIET_Avril_2024_6-2.jpg 1200w, https:\/\/instar-robotics.com\/wp-content\/uploads\/2025\/05\/Trooper_VIET_Avril_2024_6-2-300x225.jpg 300w, https:\/\/instar-robotics.com\/wp-content\/uploads\/2025\/05\/Trooper_VIET_Avril_2024_6-2-768x577.jpg 768w\" sizes=\"auto, (max-width: 1200px) 100vw, 1200px\" \/><\/figure>\n\n\n\n<figure class=\"wp-block-image size-large\"><img loading=\"lazy\" decoding=\"async\" width=\"983\" height=\"1024\" data-id=\"1807\" src=\"https:\/\/instar-robotics.com\/wp-content\/uploads\/2025\/05\/Trooper_BANRY_2-983x1024.jpg\" alt=\"\" class=\"wp-image-1807\" srcset=\"https:\/\/instar-robotics.com\/wp-content\/uploads\/2025\/05\/Trooper_BANRY_2-983x1024.jpg 983w, https:\/\/instar-robotics.com\/wp-content\/uploads\/2025\/05\/Trooper_BANRY_2-288x300.jpg 288w, https:\/\/instar-robotics.com\/wp-content\/uploads\/2025\/05\/Trooper_BANRY_2-768x800.jpg 768w, https:\/\/instar-robotics.com\/wp-content\/uploads\/2025\/05\/Trooper_BANRY_2-1475x1536.jpg 1475w, https:\/\/instar-robotics.com\/wp-content\/uploads\/2025\/05\/Trooper_BANRY_2.jpg 1527w\" sizes=\"auto, (max-width: 983px) 100vw, 983px\" \/><\/figure>\n\n\n\n<figure class=\"wp-block-image size-large\"><img loading=\"lazy\" decoding=\"async\" width=\"769\" height=\"1024\" data-id=\"1806\" src=\"https:\/\/instar-robotics.com\/wp-content\/uploads\/2025\/05\/Trooper_DB_PLANTES_1-769x1024.jpg\" alt=\"\" class=\"wp-image-1806\" srcset=\"https:\/\/instar-robotics.com\/wp-content\/uploads\/2025\/05\/Trooper_DB_PLANTES_1-769x1024.jpg 769w, https:\/\/instar-robotics.com\/wp-content\/uploads\/2025\/05\/Trooper_DB_PLANTES_1-225x300.jpg 225w, https:\/\/instar-robotics.com\/wp-content\/uploads\/2025\/05\/Trooper_DB_PLANTES_1-768x1023.jpg 768w, https:\/\/instar-robotics.com\/wp-content\/uploads\/2025\/05\/Trooper_DB_PLANTES_1-1153x1536.jpg 1153w, https:\/\/instar-robotics.com\/wp-content\/uploads\/2025\/05\/Trooper_DB_PLANTES_1.jpg 1200w\" sizes=\"auto, (max-width: 769px) 100vw, 769px\" \/><\/figure>\n<\/figure>\n","protected":false},"excerpt":{"rendered":"<p>Suivez-nous sur notre chaine youtube ! Ils ont choisi TROOPER :<\/p>\n","protected":false},"author":2,"featured_media":0,"parent":0,"menu_order":0,"comment_status":"closed","ping_status":"closed","template":"","meta":{"footnotes":""},"class_list":["post-1418","page","type-page","status-publish"],"_links":{"self":[{"href":"https:\/\/instar-robotics.com\/index.php?rest_route=\/wp\/v2\/pages\/1418","targetHints":{"allow":["GET"]}}],"collection":[{"href":"https:\/\/instar-robotics.com\/index.php?rest_route=\/wp\/v2\/pages"}],"about":[{"href":"https:\/\/instar-robotics.com\/index.php?rest_route=\/wp\/v2\/types\/page"}],"author":[{"embeddable":true,"href":"https:\/\/instar-robotics.com\/index.php?rest_route=\/wp\/v2\/users\/2"}],"replies":[{"embeddable":true,"href":"https:\/\/instar-robotics.com\/index.php?rest_route=%2Fwp%2Fv2%2Fcomments&post=1418"}],"version-history":[{"count":9,"href":"https:\/\/instar-robotics.com\/index.php?rest_route=\/wp\/v2\/pages\/1418\/revisions"}],"predecessor-version":[{"id":1809,"href":"https:\/\/instar-robotics.com\/index.php?rest_route=\/wp\/v2\/pages\/1418\/revisions\/1809"}],"wp:attachment":[{"href":"https:\/\/instar-robotics.com\/index.php?rest_route=%2Fwp%2Fv2%2Fmedia&parent=1418"}],"curies":[{"name":"wp","href":"https:\/\/api.w.org\/{rel}","templated":true}]}}